{"id":81,"date":"2015-08-19T16:01:59","date_gmt":"2015-08-19T14:01:59","guid":{"rendered":"http:\/\/www.zdravynymburk.cz\/wp\/?page_id=81"},"modified":"2015-09-23T21:28:40","modified_gmt":"2015-09-23T19:28:40","slug":"fotogalerie","status":"publish","type":"page","link":"https:\/\/www.zdravynymburk.cz\/wp\/fotogalerie\/","title":{"rendered":"Fotogalerie"},"content":{"rendered":"<h2>AZOS v nadhledu (komentovan\u00e9 leteck\u00e9 sn\u00edmky)<\/h2>\n<p>AZOS CZ v kontextu krajiny. AZOS v \u017e\u00e1dosti o povolen\u00ed (kter\u00e9 st\u00e1le je\u0161t\u011b nem\u00e1, a\u010d drze provozuje v\u00fdrobu) uv\u00e1d\u00ed, \u017ee se v\u00fdroba nenach\u00e1z\u00ed v bl\u00edzkosti obytn\u00e9 z\u00f3ny. Realitu vid\u00edte na t\u011bchto fotografi\u00edch. Tak\u00e9 si m\u016f\u017eete prohl\u00e9dnout dal\u0161\u00ed problematick\u00e1 m\u00edsta are\u00e1lu AZOS CZ.<\/p>\n\n<h2>\u00a0<\/h2>\n<h2>Zdokumentovan\u00e9 nekalosti v are\u00e1lu AZOS CZ<\/h2>\n\n<p style=\"text-align: center;\">* * * * *<\/p>\n<p>Klikn\u011bte a prohl\u00e9dn\u011bte si <a href=\"http:\/\/nymbursky.denik.cz\/galerie\/demonstrace-azos.html?mm=5535675\" target=\"_blank\">fotografie z demonstrace proti AZOSu v z\u00e1\u0159\u00ed 2014<\/a>\u00a0po\u0159\u00edzen\u00e9 Milenou J\u00ednovou z Nymbursk\u00e9ho Den\u00edku.<\/p>\n<p>&nbsp;<\/p>\n","protected":false},"excerpt":{"rendered":"<p>AZOS v nadhledu (komentovan\u00e9 leteck\u00e9 sn\u00edmky) AZOS CZ v kontextu krajiny. AZOS v \u017e\u00e1dosti o povolen\u00ed (kter\u00e9 st\u00e1le je\u0161t\u011b nem\u00e1, a\u010d drze provozuje v\u00fdrobu) uv\u00e1d\u00ed, \u017ee se v\u00fdroba nenach\u00e1z\u00ed v bl\u00edzkosti obytn\u00e9 z\u00f3ny. Realitu vid\u00edte na t\u011bchto fotografi\u00edch. Tak\u00e9 si m\u016f\u017eete prohl\u00e9dnout dal\u0161\u00ed problematick\u00e1 m\u00edsta are\u00e1lu AZOS CZ. \u00a0 Zdokumentovan\u00e9 nekalosti v are\u00e1lu AZOS CZ [&hellip;]<\/p>\n","protected":false},"author":1,"featured_media":201,"parent":0,"menu_order":0,"comment_status":"closed","ping_status":"closed","template":"","meta":{"footnotes":""},"class_list":["post-81","page","type-page","status-publish","has-post-thumbnail","czr-hentry"],"_links":{"self":[{"href":"https:\/\/www.zdravynymburk.cz\/wp\/wp-json\/wp\/v2\/pages\/81","targetHints":{"allow":["GET"]}}],"collection":[{"href":"https:\/\/www.zdravynymburk.cz\/wp\/wp-json\/wp\/v2\/pages"}],"about":[{"href":"https:\/\/www.zdravynymburk.cz\/wp\/wp-json\/wp\/v2\/types\/page"}],"author":[{"embeddable":true,"href":"https:\/\/www.zdravynymburk.cz\/wp\/wp-json\/wp\/v2\/users\/1"}],"replies":[{"embeddable":true,"href":"https:\/\/www.zdravynymburk.cz\/wp\/wp-json\/wp\/v2\/comments?post=81"}],"version-history":[{"count":0,"href":"https:\/\/www.zdravynymburk.cz\/wp\/wp-json\/wp\/v2\/pages\/81\/revisions"}],"wp:featuredmedia":[{"embeddable":true,"href":"https:\/\/www.zdravynymburk.cz\/wp\/wp-json\/wp\/v2\/media\/201"}],"wp:attachment":[{"href":"https:\/\/www.zdravynymburk.cz\/wp\/wp-json\/wp\/v2\/media?parent=81"}],"curies":[{"name":"wp","href":"https:\/\/api.w.org\/{rel}","templated":true}]}}